{"id":5350,"date":"2023-05-23T14:55:13","date_gmt":"2023-05-23T12:55:13","guid":{"rendered":"https:\/\/www.kammoz.sk\/spanish-mosaic-ezarri\/"},"modified":"2023-06-16T13:01:42","modified_gmt":"2023-06-16T11:01:42","slug":"spanish-mosaic-ezarri","status":"publish","type":"page","link":"https:\/\/www.kammoz.sk\/en\/spanish-mosaic-ezarri\/","title":{"rendered":"Spanish mosaic Ezarri"},"content":{"rendered":"<div id=\"pl-5350\"  class=\"panel-layout\" ><div id=\"pg-5350-0\"  class=\"panel-grid panel-has-style\" ><div class=\"obal panel-row-style panel-row-style-for-5350-0\" id=\"podstranka_uvod\" ><div id=\"pgc-5350-0-0\"  class=\"panel-grid-cell\" ><div id=\"panel-5350-0-0-0\" class=\"so-panel widget widget_sow-editor panel-first-child panel-last-child\" data-index=\"0\" ><div\n\t\t\t\n\t\t\tclass=\"so-widget-sow-editor so-widget-sow-editor-base\"\n\t\t\t\n\t\t>\n<div class=\"siteorigin-widget-tinymce textwidget\">\n\t<h1>Spanish mosaic Ezarri<\/h1>\n<\/div>\n<\/div><\/div><\/div><\/div><\/div><div id=\"pg-5350-1\"  class=\"panel-grid panel-has-style\" ><div class=\"obal panel-row-style panel-row-style-for-5350-1\" ><div id=\"pgc-5350-1-0\"  class=\"panel-grid-cell\" ><div id=\"panel-5350-1-0-0\" class=\"so-panel widget widget_sow-editor panel-first-child\" data-index=\"1\" ><div\n\t\t\t\n\t\t\tclass=\"so-widget-sow-editor so-widget-sow-editor-base\"\n\t\t\t\n\t\t>\n<div class=\"siteorigin-widget-tinymce textwidget\">\n\t<p>Ezarri has been a leading company in the production of glass mosaics for over 30 years. It produces more than 8,000 m\u00b2 of mosaics in more than 300 stylish designs per day using the most modern technologies. They export 70% of production, which is sold in more than 70 countries around the world.<\/p>\n<p>&nbsp;<\/p>\n<h2>QUALITY<\/h2>\n<p>Ezarri is the first company to receive the ISO 9001 quality certificate.<\/p>\n<\/div>\n<\/div><\/div><div id=\"panel-5350-1-0-1\" class=\"so-panel widget widget_sow-editor\" data-index=\"2\" ><div id=\"katalogy\" class=\"panel-widget-style panel-widget-style-for-5350-1-0-1\" ><div\n\t\t\t\n\t\t\tclass=\"so-widget-sow-editor so-widget-sow-editor-base\"\n\t\t\t\n\t\t>\n<div class=\"siteorigin-widget-tinymce textwidget\">\n\t<h2>Catalogues<\/h2>\n<p>To arrange a viewing of samples and pricing, please contact us on 0904378855 even on weekends. We will be happy to bring samples within Bratislava to you. Mosaic is shipped from Spain on Thursday\/Friday and the delivery time is 96-120 hours.<\/p>\n<\/div>\n<\/div><\/div><\/div><div id=\"panel-5350-1-0-2\" class=\"so-panel widget widget_siteorigin-panels-builder\" data-index=\"3\" ><div class=\"medzera-hore panel-widget-style panel-widget-style-for-5350-1-0-2\" ><div id=\"pl-w648c41165dcfe\"  class=\"panel-layout\" ><div id=\"pg-w648c41165dcfe-0\"  class=\"panel-grid panel-no-style\" ><div id=\"pgc-w648c41165dcfe-0-0\"  class=\"panel-grid-cell\" ><div id=\"panel-w648c41165dcfe-0-0-0\" class=\"so-panel widget widget_sow-image panel-first-child panel-last-child\" data-index=\"0\" ><div\n\t\t\t\n\t\t\tclass=\"so-widget-sow-image so-widget-sow-image-default-6b88c04c1f9b\"\n\t\t\t\n\t\t>\n\n<div class=\"sow-image-container\">\n\t\t\t<a href=\"https:\/\/378b2b9098.clvaw-cdnwnd.com\/1ed8ba67e1675fc66fab23036da13b70\/200001986-7e9057e907\/Ezarri_-_Pool_Home.pdf?ph=378b2b9098\"\n\t\t\t\t\t>\n\t\t\t<img src=\"https:\/\/www.kammoz.sk\/wp-content\/uploads\/2023\/05\/pdf-222x300.png\" width=\"150\" height=\"203\" srcset=\"https:\/\/www.kammoz.sk\/wp-content\/uploads\/2023\/05\/pdf-222x300.png 222w, https:\/\/www.kammoz.sk\/wp-content\/uploads\/2023\/05\/pdf-64x86.png 64w, https:\/\/www.kammoz.sk\/wp-content\/uploads\/2023\/05\/pdf.png 474w\" sizes=\"(max-width: 150px) 100vw, 150px\" style=\"width: 150px; height: 203px;\" title=\"Pool &amp; Home\" alt=\"\" loading=\"lazy\" \t\tclass=\"so-widget-image\"\/>\n\t<\/a><\/div>\n\n<h3 class=\"widget-title\">Pool &amp; Home<\/h3><\/div><\/div><\/div><div id=\"pgc-w648c41165dcfe-0-1\"  class=\"panel-grid-cell\" ><div id=\"panel-w648c41165dcfe-0-1-0\" class=\"so-panel widget widget_sow-image panel-first-child panel-last-child\" data-index=\"1\" ><div\n\t\t\t\n\t\t\tclass=\"so-widget-sow-image so-widget-sow-image-default-6b88c04c1f9b\"\n\t\t\t\n\t\t>\n\n<div class=\"sow-image-container\">\n\t\t\t<a href=\"https:\/\/378b2b9098.clvaw-cdnwnd.com\/1ed8ba67e1675fc66fab23036da13b70\/200001987-5e9875e98a\/Ezarri_-_50mm_Mosaics.pdf?ph=378b2b9098\"\n\t\t\t\t\t>\n\t\t\t<img src=\"https:\/\/www.kammoz.sk\/wp-content\/uploads\/2023\/05\/pdf-222x300.png\" width=\"150\" height=\"203\" srcset=\"https:\/\/www.kammoz.sk\/wp-content\/uploads\/2023\/05\/pdf-222x300.png 222w, https:\/\/www.kammoz.sk\/wp-content\/uploads\/2023\/05\/pdf-64x86.png 64w, https:\/\/www.kammoz.sk\/wp-content\/uploads\/2023\/05\/pdf.png 474w\" sizes=\"(max-width: 150px) 100vw, 150px\" style=\"width: 150px; height: 203px;\" title=\"50 mm\" alt=\"\" loading=\"lazy\" \t\tclass=\"so-widget-image\"\/>\n\t<\/a><\/div>\n\n<h3 class=\"widget-title\">50 mm<\/h3><\/div><\/div><\/div><div id=\"pgc-w648c41165dcfe-0-2\"  class=\"panel-grid-cell\" ><div id=\"panel-w648c41165dcfe-0-2-0\" class=\"so-panel widget widget_sow-image panel-first-child panel-last-child\" data-index=\"2\" ><div\n\t\t\t\n\t\t\tclass=\"so-widget-sow-image so-widget-sow-image-default-6b88c04c1f9b\"\n\t\t\t\n\t\t>\n\n<div class=\"sow-image-container\">\n\t\t\t<a href=\"https:\/\/378b2b9098.clvaw-cdnwnd.com\/1ed8ba67e1675fc66fab23036da13b70\/200001988-1fff11fff3\/Ezarri-Aquarelle_Collection.pdf?ph=378b2b9098\"\n\t\t\t\t\t>\n\t\t\t<img src=\"https:\/\/www.kammoz.sk\/wp-content\/uploads\/2023\/05\/pdf-222x300.png\" width=\"150\" height=\"203\" srcset=\"https:\/\/www.kammoz.sk\/wp-content\/uploads\/2023\/05\/pdf-222x300.png 222w, https:\/\/www.kammoz.sk\/wp-content\/uploads\/2023\/05\/pdf-64x86.png 64w, https:\/\/www.kammoz.sk\/wp-content\/uploads\/2023\/05\/pdf.png 474w\" sizes=\"(max-width: 150px) 100vw, 150px\" style=\"width: 150px; height: 203px;\" title=\"Aquarelle\" alt=\"\" loading=\"lazy\" \t\tclass=\"so-widget-image\"\/>\n\t<\/a><\/div>\n\n<h3 class=\"widget-title\">Aquarelle<\/h3><\/div><\/div><\/div><div id=\"pgc-w648c41165dcfe-0-3\"  class=\"panel-grid-cell\" ><div id=\"panel-w648c41165dcfe-0-3-0\" class=\"so-panel widget widget_sow-image panel-first-child panel-last-child\" data-index=\"3\" ><div\n\t\t\t\n\t\t\tclass=\"so-widget-sow-image so-widget-sow-image-default-6b88c04c1f9b\"\n\t\t\t\n\t\t>\n\n<div class=\"sow-image-container\">\n\t\t\t<a href=\"https:\/\/378b2b9098.clvaw-cdnwnd.com\/1ed8ba67e1675fc66fab23036da13b70\/200001989-c1e9dc1ea0\/Ezarri_-_Large_Projects.pdf?ph=378b2b9098\"\n\t\t\t\t\t>\n\t\t\t<img src=\"https:\/\/www.kammoz.sk\/wp-content\/uploads\/2023\/05\/pdf-222x300.png\" width=\"150\" height=\"203\" srcset=\"https:\/\/www.kammoz.sk\/wp-content\/uploads\/2023\/05\/pdf-222x300.png 222w, https:\/\/www.kammoz.sk\/wp-content\/uploads\/2023\/05\/pdf-64x86.png 64w, https:\/\/www.kammoz.sk\/wp-content\/uploads\/2023\/05\/pdf.png 474w\" sizes=\"(max-width: 150px) 100vw, 150px\" style=\"width: 150px; height: 203px;\" title=\"Large projects\" alt=\"\" loading=\"lazy\" \t\tclass=\"so-widget-image\"\/>\n\t<\/a><\/div>\n\n<h3 class=\"widget-title\">Large projects<\/h3><\/div><\/div><\/div><\/div><\/div><\/div><\/div><div id=\"panel-5350-1-0-3\" class=\"so-panel widget widget_sow-editor\" data-index=\"4\" ><div class=\"medzera-hore panel-widget-style panel-widget-style-for-5350-1-0-3\" ><div\n\t\t\t\n\t\t\tclass=\"so-widget-sow-editor so-widget-sow-editor-base\"\n\t\t\t\n\t\t>\n<div class=\"siteorigin-widget-tinymce textwidget\">\n\t<h2 style=\"text-align: center;\">Possibility of custom design<\/h2>\n<\/div>\n<\/div><\/div><\/div><div id=\"panel-5350-1-0-4\" class=\"so-panel widget widget_siteorigin-panels-builder\" data-index=\"5\" ><div id=\"pl-w648c41165e53e\"  class=\"panel-layout\" ><div id=\"pg-w648c41165e53e-0\"  class=\"panel-grid panel-no-style\" ><div id=\"pgc-w648c41165e53e-0-0\"  class=\"panel-grid-cell\" ><div id=\"panel-w648c41165e53e-0-0-0\" class=\"so-panel widget widget_sow-image panel-first-child panel-last-child\" data-index=\"0\" ><div\n\t\t\t\n\t\t\tclass=\"so-widget-sow-image so-widget-sow-image-default-d6014b76747a\"\n\t\t\t\n\t\t>\n\n<div class=\"sow-image-container\">\n\t\t<img src=\"https:\/\/www.kammoz.sk\/wp-content\/uploads\/2023\/05\/impresion-digital.webp\" width=\"838\" height=\"344\" srcset=\"https:\/\/www.kammoz.sk\/wp-content\/uploads\/2023\/05\/impresion-digital.webp 838w, https:\/\/www.kammoz.sk\/wp-content\/uploads\/2023\/05\/impresion-digital-300x123.webp 300w, https:\/\/www.kammoz.sk\/wp-content\/uploads\/2023\/05\/impresion-digital-768x315.webp 768w, https:\/\/www.kammoz.sk\/wp-content\/uploads\/2023\/05\/impresion-digital-600x246.webp 600w, https:\/\/www.kammoz.sk\/wp-content\/uploads\/2023\/05\/impresion-digital-64x26.webp 64w\" sizes=\"(max-width: 838px) 100vw, 838px\" alt=\"\" loading=\"lazy\" \t\tclass=\"so-widget-image\"\/>\n\t<\/div>\n\n<\/div><\/div><\/div><div id=\"pgc-w648c41165e53e-0-1\"  class=\"panel-grid-cell\" ><div id=\"panel-w648c41165e53e-0-1-0\" class=\"so-panel widget widget_sow-editor panel-first-child panel-last-child\" data-index=\"1\" ><div\n\t\t\t\n\t\t\tclass=\"so-widget-sow-editor so-widget-sow-editor-base\"\n\t\t\t\n\t\t>\n<div class=\"siteorigin-widget-tinymce textwidget\">\n\t<p>Do you have your own design or picture? At Ezarra, they can make your own mosaic to order.<\/p>\n<p>Alternatively, you can mix your own color combinations.<\/p>\n<p>https:\/\/www.ezarri.com\/en\/mix-generator<\/p>\n<\/div>\n<\/div><\/div><\/div><\/div><\/div><\/div><div id=\"panel-5350-1-0-5\" class=\"so-panel widget widget_sow-editor\" data-index=\"6\" ><div class=\"medzera-hore panel-widget-style panel-widget-style-for-5350-1-0-5\" ><div\n\t\t\t\n\t\t\tclass=\"so-widget-sow-editor so-widget-sow-editor-base\"\n\t\t\t\n\t\t>\n<div class=\"siteorigin-widget-tinymce textwidget\">\n\t<h2 style=\"text-align: center;\">JointPoint<\/h2>\n<\/div>\n<\/div><\/div><\/div><div id=\"panel-5350-1-0-6\" class=\"so-panel widget widget_siteorigin-panels-builder\" data-index=\"7\" ><div id=\"pl-w648c41165ee9c\"  class=\"panel-layout\" ><div id=\"pg-w648c41165ee9c-0\"  class=\"panel-grid panel-no-style\" ><div id=\"pgc-w648c41165ee9c-0-0\"  class=\"panel-grid-cell\" ><div id=\"panel-w648c41165ee9c-0-0-0\" class=\"so-panel widget widget_sow-image panel-first-child panel-last-child\" data-index=\"0\" ><div\n\t\t\t\n\t\t\tclass=\"so-widget-sow-image so-widget-sow-image-default-d6014b76747a\"\n\t\t\t\n\t\t>\n\n<div class=\"sow-image-container\">\n\t\t<img src=\"https:\/\/www.kammoz.sk\/wp-content\/uploads\/2023\/05\/mosaic-agarre-jointpoint-ezarri.webp\" width=\"810\" height=\"547\" srcset=\"https:\/\/www.kammoz.sk\/wp-content\/uploads\/2023\/05\/mosaic-agarre-jointpoint-ezarri.webp 810w, https:\/\/www.kammoz.sk\/wp-content\/uploads\/2023\/05\/mosaic-agarre-jointpoint-ezarri-300x203.webp 300w, https:\/\/www.kammoz.sk\/wp-content\/uploads\/2023\/05\/mosaic-agarre-jointpoint-ezarri-768x519.webp 768w, https:\/\/www.kammoz.sk\/wp-content\/uploads\/2023\/05\/mosaic-agarre-jointpoint-ezarri-600x405.webp 600w, https:\/\/www.kammoz.sk\/wp-content\/uploads\/2023\/05\/mosaic-agarre-jointpoint-ezarri-64x43.webp 64w\" sizes=\"(max-width: 810px) 100vw, 810px\" alt=\"\" loading=\"lazy\" \t\tclass=\"so-widget-image\"\/>\n\t<\/div>\n\n<\/div><\/div><\/div><div id=\"pgc-w648c41165ee9c-0-1\"  class=\"panel-grid-cell\" ><div id=\"panel-w648c41165ee9c-0-1-0\" class=\"so-panel widget widget_sow-editor panel-first-child panel-last-child\" data-index=\"1\" ><div\n\t\t\t\n\t\t\tclass=\"so-widget-sow-editor so-widget-sow-editor-base\"\n\t\t\t\n\t\t>\n<div class=\"siteorigin-widget-tinymce textwidget\">\n\t<ul>\n<li>Up to 92% of the back surface of the glass is in contact with the adhesive and glued surface. In competitive mosaics, where the individual cubes are connected by mesh, glue or paper, which at the same time cover the back surface of the mosaic, there is insufficient contact of the glass with the glue, which can even lead to the mosaic falling off.<\/li>\n<li>Moisture resistance. Unlike mesh or paper joints, JointPoint joints do not dissolve or expand. Thanks to this, even after years, the contact between the mosaic, the adhesive and the surface to which it was glued is not disturbed, and the joint compound is also not pushed out of the joints.<\/li>\n<\/ul>\n<\/div>\n<\/div><\/div><\/div><\/div><\/div><\/div><div id=\"panel-5350-1-0-7\" class=\"so-panel widget widget_sow-editor panel-last-child\" data-index=\"8\" ><div class=\"medzera-hore panel-widget-style panel-widget-style-for-5350-1-0-7\" ><div\n\t\t\t\n\t\t\tclass=\"so-widget-sow-editor so-widget-sow-editor-base\"\n\t\t\t\n\t\t>\n<div class=\"siteorigin-widget-tinymce textwidget\">\n\t<p style=\"text-align: center;\"><strong>100% recycled glass.<\/strong><\/p>\n<p style=\"text-align: center;\"><span style=\"color: #99cc00;\">Ezarri products have ISO 14021 environmental certification and ISO 14001 Environmental Stewardship certification.<\/span><\/p>\n<\/div>\n<\/div><\/div><\/div><\/div><\/div><\/div><div id=\"pg-5350-2\"  class=\"panel-grid panel-has-style\" ><div class=\"element-no-padding medzera-hore panel-row-style panel-row-style-for-5350-2\" id=\"kontakt_sekcia_kontakt\" ><div id=\"pgc-5350-2-0\"  class=\"panel-grid-cell\" ><div id=\"panel-5350-2-0-0\" class=\"so-panel widget widget_sow-editor panel-first-child panel-last-child\" data-index=\"9\" ><div class=\"obal panel-widget-style panel-widget-style-for-5350-2-0-0\" ><div\n\t\t\t\n\t\t\tclass=\"so-widget-sow-editor so-widget-sow-editor-base\"\n\t\t\t\n\t\t>\n<div class=\"siteorigin-widget-tinymce textwidget\">\n\t<h2>Contact form<\/h2>\n<h3>The first place for us is always Our Client - You. Feel free to contact us with any questions.<\/h3>\n\n<div class=\"wpcf7 no-js\" id=\"wpcf7-f4828-o1\" lang=\"en-US\" dir=\"ltr\">\n<div class=\"screen-reader-response\"><p role=\"status\" aria-live=\"polite\" aria-atomic=\"true\"><\/p> <ul><\/ul><\/div>\n<form action=\"\/en\/wp-json\/wp\/v2\/pages\/5350#wpcf7-f4828-o1\" method=\"post\" class=\"wpcf7-form init\" aria-label=\"Contact form\" novalidate=\"novalidate\" data-status=\"init\">\n<div style=\"display: none;\">\n<input type=\"hidden\" name=\"_wpcf7\" value=\"4828\" \/>\n<input type=\"hidden\" name=\"_wpcf7_version\" value=\"5.7.6\" \/>\n<input type=\"hidden\" name=\"_wpcf7_locale\" value=\"en_US\" \/>\n<input type=\"hidden\" name=\"_wpcf7_unit_tag\" value=\"wpcf7-f4828-o1\" \/>\n<input type=\"hidden\" name=\"_wpcf7_container_post\" value=\"0\" \/>\n<input type=\"hidden\" name=\"_wpcf7_posted_data_hash\" value=\"\" \/>\n<input type=\"hidden\" name=\"_wpcf7_recaptcha_response\" value=\"\" \/>\n<\/div>\n<p><span class=\"wpcf7-form-control-wrap\" data-name=\"meno\"><input size=\"40\" class=\"wpcf7-form-control wpcf7-text wpcf7-validates-as-required\" aria-required=\"true\" aria-invalid=\"false\" placeholder=\"Your name\" value=\"\" type=\"text\" name=\"meno\" \/><\/span>\n<\/p>\n<p><span class=\"wpcf7-form-control-wrap\" data-name=\"mobil\"><input size=\"40\" class=\"wpcf7-form-control wpcf7-text wpcf7-tel wpcf7-validates-as-required wpcf7-validates-as-tel\" aria-required=\"true\" aria-invalid=\"false\" placeholder=\"Your number\" value=\"\" type=\"tel\" name=\"mobil\" \/><\/span>\n<\/p>\n<p><span class=\"wpcf7-form-control-wrap\" data-name=\"email-931\"><input size=\"40\" class=\"wpcf7-form-control wpcf7-text wpcf7-email wpcf7-validates-as-required wpcf7-validates-as-email\" aria-required=\"true\" aria-invalid=\"false\" placeholder=\"E-mail\" value=\"\" type=\"email\" name=\"email-931\" \/><\/span>\n<\/p>\n<p><span class=\"wpcf7-form-control-wrap\" data-name=\"textarea-962\"><textarea cols=\"40\" rows=\"10\" class=\"wpcf7-form-control wpcf7-textarea wpcf7-validates-as-required\" aria-required=\"true\" aria-invalid=\"false\" placeholder=\"Message...\" name=\"textarea-962\"><\/textarea><\/span>\n<\/p>\n<p><span class=\"oznam\">By submitting the form, you agree to<a href=\"https:\/\/www.kammoz.sk\/en\/privacy\/\" target=\"_blank\"> the processing of personal data in this form.<\/a><\/span>\n<\/p>\n<p><input class=\"wpcf7-form-control has-spinner wpcf7-submit block-btn1\" type=\"submit\" value=\"Send\" \/>\n<\/p><div class=\"wpcf7-response-output\" aria-hidden=\"true\"><\/div>\n<\/form>\n<\/div>\n\n<\/div>\n<\/div><\/div><\/div><\/div><\/div><\/div><\/div>","protected":false},"excerpt":{"rendered":"<p>Spanish mosaic Ezarri Ezarri has been a leading company in the production of glass mosaics for over 30 years. It produces more than 8,000 m\u00b2<a class=\"read_more_link\" href=\"https:\/\/www.kammoz.sk\/en\/spanish-mosaic-ezarri\/\" rel=\"nofollow\">Pre\u010d\u00edta\u0165 viac&#8230;<\/a><\/p>\n","protected":false},"author":1,"featured_media":0,"parent":0,"menu_order":0,"comment_status":"closed","ping_status":"closed","template":"page-custom.php","meta":{"footnotes":""},"yoast_head":"<!-- This site is optimized with the Yoast SEO plugin v20.9 - https:\/\/yoast.com\/wordpress\/plugins\/seo\/ -->\n<title>Spanish mosaic Ezarri - KAMMOZ.SK<\/title>\n<meta name=\"description\" content=\"Kvalitn\u00e1 mozaika od \u0161panielskeho v\u00fdrobcu Ezarri. Predaj mozaiky a poradenstvo v oblasti v\u00fdstavby baz\u00e9nov, kuch\u00fd\u0148 alebo in\u00fdch projektov.\" \/>\n<meta name=\"robots\" content=\"index, follow, max-snippet:-1, max-image-preview:large, max-video-preview:-1\" \/>\n<link rel=\"canonical\" href=\"https:\/\/www.kammoz.sk\/en\/spanish-mosaic-ezarri\/\" \/>\n<meta property=\"og:locale\" content=\"en_US\" \/>\n<meta property=\"og:type\" content=\"article\" \/>\n<meta property=\"og:title\" content=\"Spanish mosaic Ezarri - KAMMOZ.SK\" \/>\n<meta property=\"og:description\" content=\"Kvalitn\u00e1 mozaika od \u0161panielskeho v\u00fdrobcu Ezarri. Predaj mozaiky a poradenstvo v oblasti v\u00fdstavby baz\u00e9nov, kuch\u00fd\u0148 alebo in\u00fdch projektov.\" \/>\n<meta property=\"og:url\" content=\"https:\/\/www.kammoz.sk\/en\/spanish-mosaic-ezarri\/\" \/>\n<meta property=\"og:site_name\" content=\"KAMMOZ.SK\" \/>\n<meta property=\"article:publisher\" content=\"https:\/\/www.facebook.com\/KAMMOZSK\" \/>\n<meta property=\"article:modified_time\" content=\"2023-06-16T11:01:42+00:00\" \/>\n<meta property=\"og:image\" content=\"https:\/\/www.kammoz.sk\/wp-content\/uploads\/2023\/05\/cropped-C-na-vysku.png\" \/>\n\t<meta property=\"og:image:width\" content=\"999\" \/>\n\t<meta property=\"og:image:height\" content=\"419\" \/>\n\t<meta property=\"og:image:type\" content=\"image\/png\" \/>\n<meta name=\"twitter:card\" content=\"summary_large_image\" \/>\n<script type=\"application\/ld+json\" class=\"yoast-schema-graph\">{\"@context\":\"https:\/\/schema.org\",\"@graph\":[{\"@type\":\"WebPage\",\"@id\":\"https:\/\/www.kammoz.sk\/en\/spanish-mosaic-ezarri\/\",\"url\":\"https:\/\/www.kammoz.sk\/en\/spanish-mosaic-ezarri\/\",\"name\":\"Spanish mosaic Ezarri - KAMMOZ.SK\",\"isPartOf\":{\"@id\":\"https:\/\/www.kammoz.sk\/en\/#website\"},\"datePublished\":\"2023-05-23T12:55:13+00:00\",\"dateModified\":\"2023-06-16T11:01:42+00:00\",\"description\":\"Kvalitn\u00e1 mozaika od \u0161panielskeho v\u00fdrobcu Ezarri. Predaj mozaiky a poradenstvo v oblasti v\u00fdstavby baz\u00e9nov, kuch\u00fd\u0148 alebo in\u00fdch projektov.\",\"breadcrumb\":{\"@id\":\"https:\/\/www.kammoz.sk\/en\/spanish-mosaic-ezarri\/#breadcrumb\"},\"inLanguage\":\"en-US\",\"potentialAction\":[{\"@type\":\"ReadAction\",\"target\":[\"https:\/\/www.kammoz.sk\/en\/spanish-mosaic-ezarri\/\"]}]},{\"@type\":\"BreadcrumbList\",\"@id\":\"https:\/\/www.kammoz.sk\/en\/spanish-mosaic-ezarri\/#breadcrumb\",\"itemListElement\":[{\"@type\":\"ListItem\",\"position\":1,\"name\":\"Domovsk\u00e1 str\u00e1nka\",\"item\":\"https:\/\/www.kammoz.sk\/en\/\"},{\"@type\":\"ListItem\",\"position\":2,\"name\":\"Spanish mosaic Ezarri\"}]},{\"@type\":\"WebSite\",\"@id\":\"https:\/\/www.kammoz.sk\/en\/#website\",\"url\":\"https:\/\/www.kammoz.sk\/en\/\",\"name\":\"KAMMOZ.SK\",\"description\":\"Kvalitn\u00e1 mozaika od v\u00fdrobcu Ezarri\",\"publisher\":{\"@id\":\"https:\/\/www.kammoz.sk\/en\/#organization\"},\"potentialAction\":[{\"@type\":\"SearchAction\",\"target\":{\"@type\":\"EntryPoint\",\"urlTemplate\":\"https:\/\/www.kammoz.sk\/en\/?s={search_term_string}\"},\"query-input\":\"required name=search_term_string\"}],\"inLanguage\":\"en-US\"},{\"@type\":\"Organization\",\"@id\":\"https:\/\/www.kammoz.sk\/en\/#organization\",\"name\":\"Milan Chandoga - KAM-MOZ.SK\",\"url\":\"https:\/\/www.kammoz.sk\/en\/\",\"logo\":{\"@type\":\"ImageObject\",\"inLanguage\":\"en-US\",\"@id\":\"https:\/\/www.kammoz.sk\/en\/#\/schema\/logo\/image\/\",\"url\":\"https:\/\/www.kammoz.sk\/wp-content\/uploads\/2023\/05\/cropped-C-na-sirku.png\",\"contentUrl\":\"https:\/\/www.kammoz.sk\/wp-content\/uploads\/2023\/05\/cropped-C-na-sirku.png\",\"width\":1000,\"height\":251,\"caption\":\"Milan Chandoga - KAM-MOZ.SK\"},\"image\":{\"@id\":\"https:\/\/www.kammoz.sk\/en\/#\/schema\/logo\/image\/\"},\"sameAs\":[\"https:\/\/www.facebook.com\/KAMMOZSK\"]}]}<\/script>\n<!-- \/ Yoast SEO plugin. -->","yoast_head_json":{"title":"Spanish mosaic Ezarri - KAMMOZ.SK","description":"Kvalitn\u00e1 mozaika od \u0161panielskeho v\u00fdrobcu Ezarri. Predaj mozaiky a poradenstvo v oblasti v\u00fdstavby baz\u00e9nov, kuch\u00fd\u0148 alebo in\u00fdch projektov.","robots":{"index":"index","follow":"follow","max-snippet":"max-snippet:-1","max-image-preview":"max-image-preview:large","max-video-preview":"max-video-preview:-1"},"canonical":"https:\/\/www.kammoz.sk\/en\/spanish-mosaic-ezarri\/","og_locale":"en_US","og_type":"article","og_title":"Spanish mosaic Ezarri - KAMMOZ.SK","og_description":"Kvalitn\u00e1 mozaika od \u0161panielskeho v\u00fdrobcu Ezarri. Predaj mozaiky a poradenstvo v oblasti v\u00fdstavby baz\u00e9nov, kuch\u00fd\u0148 alebo in\u00fdch projektov.","og_url":"https:\/\/www.kammoz.sk\/en\/spanish-mosaic-ezarri\/","og_site_name":"KAMMOZ.SK","article_publisher":"https:\/\/www.facebook.com\/KAMMOZSK","article_modified_time":"2023-06-16T11:01:42+00:00","og_image":[{"width":999,"height":419,"url":"https:\/\/www.kammoz.sk\/wp-content\/uploads\/2023\/05\/cropped-C-na-vysku.png","type":"image\/png"}],"twitter_card":"summary_large_image","schema":{"@context":"https:\/\/schema.org","@graph":[{"@type":"WebPage","@id":"https:\/\/www.kammoz.sk\/en\/spanish-mosaic-ezarri\/","url":"https:\/\/www.kammoz.sk\/en\/spanish-mosaic-ezarri\/","name":"Spanish mosaic Ezarri - KAMMOZ.SK","isPartOf":{"@id":"https:\/\/www.kammoz.sk\/en\/#website"},"datePublished":"2023-05-23T12:55:13+00:00","dateModified":"2023-06-16T11:01:42+00:00","description":"Kvalitn\u00e1 mozaika od \u0161panielskeho v\u00fdrobcu Ezarri. Predaj mozaiky a poradenstvo v oblasti v\u00fdstavby baz\u00e9nov, kuch\u00fd\u0148 alebo in\u00fdch projektov.","breadcrumb":{"@id":"https:\/\/www.kammoz.sk\/en\/spanish-mosaic-ezarri\/#breadcrumb"},"inLanguage":"en-US","potentialAction":[{"@type":"ReadAction","target":["https:\/\/www.kammoz.sk\/en\/spanish-mosaic-ezarri\/"]}]},{"@type":"BreadcrumbList","@id":"https:\/\/www.kammoz.sk\/en\/spanish-mosaic-ezarri\/#breadcrumb","itemListElement":[{"@type":"ListItem","position":1,"name":"Domovsk\u00e1 str\u00e1nka","item":"https:\/\/www.kammoz.sk\/en\/"},{"@type":"ListItem","position":2,"name":"Spanish mosaic Ezarri"}]},{"@type":"WebSite","@id":"https:\/\/www.kammoz.sk\/en\/#website","url":"https:\/\/www.kammoz.sk\/en\/","name":"KAMMOZ.SK","description":"Kvalitn\u00e1 mozaika od v\u00fdrobcu Ezarri","publisher":{"@id":"https:\/\/www.kammoz.sk\/en\/#organization"},"potentialAction":[{"@type":"SearchAction","target":{"@type":"EntryPoint","urlTemplate":"https:\/\/www.kammoz.sk\/en\/?s={search_term_string}"},"query-input":"required name=search_term_string"}],"inLanguage":"en-US"},{"@type":"Organization","@id":"https:\/\/www.kammoz.sk\/en\/#organization","name":"Milan Chandoga - KAM-MOZ.SK","url":"https:\/\/www.kammoz.sk\/en\/","logo":{"@type":"ImageObject","inLanguage":"en-US","@id":"https:\/\/www.kammoz.sk\/en\/#\/schema\/logo\/image\/","url":"https:\/\/www.kammoz.sk\/wp-content\/uploads\/2023\/05\/cropped-C-na-sirku.png","contentUrl":"https:\/\/www.kammoz.sk\/wp-content\/uploads\/2023\/05\/cropped-C-na-sirku.png","width":1000,"height":251,"caption":"Milan Chandoga - KAM-MOZ.SK"},"image":{"@id":"https:\/\/www.kammoz.sk\/en\/#\/schema\/logo\/image\/"},"sameAs":["https:\/\/www.facebook.com\/KAMMOZSK"]}]}},"_links":{"self":[{"href":"https:\/\/www.kammoz.sk\/en\/wp-json\/wp\/v2\/pages\/5350"}],"collection":[{"href":"https:\/\/www.kammoz.sk\/en\/wp-json\/wp\/v2\/pages"}],"about":[{"href":"https:\/\/www.kammoz.sk\/en\/wp-json\/wp\/v2\/types\/page"}],"author":[{"embeddable":true,"href":"https:\/\/www.kammoz.sk\/en\/wp-json\/wp\/v2\/users\/1"}],"replies":[{"embeddable":true,"href":"https:\/\/www.kammoz.sk\/en\/wp-json\/wp\/v2\/comments?post=5350"}],"version-history":[{"count":3,"href":"https:\/\/www.kammoz.sk\/en\/wp-json\/wp\/v2\/pages\/5350\/revisions"}],"predecessor-version":[{"id":5353,"href":"https:\/\/www.kammoz.sk\/en\/wp-json\/wp\/v2\/pages\/5350\/revisions\/5353"}],"wp:attachment":[{"href":"https:\/\/www.kammoz.sk\/en\/wp-json\/wp\/v2\/media?parent=5350"}],"curies":[{"name":"wp","href":"https:\/\/api.w.org\/{rel}","templated":true}]}}