{"id":5382,"date":"2023-05-15T14:13:18","date_gmt":"2023-05-15T12:13:18","guid":{"rendered":"https:\/\/www.kammoz.sk\/?page_id=5382"},"modified":"2023-06-16T16:18:16","modified_gmt":"2023-06-16T14:18:16","slug":"cookies-2","status":"publish","type":"page","link":"https:\/\/www.kammoz.sk\/en\/cookies-2\/","title":{"rendered":"Cookies"},"content":{"rendered":"<div id=\"pl-5382\"  class=\"panel-layout\" ><div id=\"pg-5382-0\"  class=\"panel-grid panel-has-style\" ><div class=\"obal medzera-hore medzera-dole panel-row-style panel-row-style-for-5382-0\" ><div id=\"pgc-5382-0-0\"  class=\"panel-grid-cell\" ><div id=\"panel-5382-0-0-0\" class=\"so-panel widget widget_sow-editor panel-first-child panel-last-child\" data-index=\"0\" ><div\n\t\t\t\n\t\t\tclass=\"so-widget-sow-editor so-widget-sow-editor-base\"\n\t\t\t\n\t\t>\n<div class=\"siteorigin-widget-tinymce textwidget\">\n\t<h1>COOKIES<\/h1>\n<p>&nbsp;<\/p>\n<h3>\nIN ORDER TO ENSURE THE PROPER FUNCTIONING OF THIS WEBSITE, WE SOMETIMES STORE SMALL DATA FILES ON YOUR DEVICE, THE SO-CALLED COOKIES. THIS IS A COMMON PRACTICE OF MOST LARGE WEBSITES.<\/h3>\n<p>&nbsp;<\/p>\n<h3>\nWHAT ARE COOKIES?<\/h3>\n<p>&nbsp;<\/p>\n<p>A cookie is a small text file that a website stores on your computer or mobile device when you browse it. Thanks to this file, the website keeps information about your actions and preferences (such as email, language, filtering, sorting, searching, shopping) for a certain time, so that you do not have to re-enter them the next time you visit the site or browse its individual pages.<\/p>\n<p>&nbsp;<\/p>\n<p>&nbsp;<\/p>\n<p>&nbsp;<\/p>\n<h3>HOW DO WE USE COOKIES?<\/h3>\n<p>&nbsp;<\/p>\n<p>These websites use cookies to remember the login, the products placed in the shopping cart, to better adapt advertisements to the interests of visitors, for the necessary functionality of the website and statistical data on website visits.<\/p>\n<p>&nbsp;<\/p>\n<p>&nbsp;<\/p>\n<p>&nbsp;<\/p>\n<h3>HOW TO CONTROL COOKIES<\/h3>\n<p>&nbsp;<\/p>\n<p>You can control or delete cookies at your discretion - see wikipedia.org for details. You can delete all cookies stored on your computer and you can set most browsers to prevent them from being stored. However, in this case, you may need to manually adjust some settings each time you visit the website, and some services and features may not work.<\/p>\n<p>&nbsp;<\/p>\n<p>&nbsp;<\/p>\n<p>&nbsp;<\/p>\n<h3>HOW TO REJECT THE USE OF COOKIES<\/h3>\n<p>&nbsp;<\/p>\n<p>The use of cookies can be set using your internet browser. Most browsers automatically accept cookies in the initial settings.<\/p>\n<p>&nbsp;<\/p>\n<p>&nbsp;<\/p>\n<p>&nbsp;<\/p>\n<h3>ANALYTICAL COOKIES<\/h3>\n<p>&nbsp;<\/p>\n<p>This site uses the Google Analytics service provided by Google, Inc. (Hereinafter referred to as \"Google\"). Google Analytics uses cookies.<\/p>\n<p>&nbsp;<\/p>\n<p>The Google Analytics service is extended by related advertising functions provided by Google, namely:<br \/>\n- overviews of impressions in the Google advertising network,<br \/>\n- remarketing (displaying advertisements in the content network based on the products seen),<br \/>\n- extended demographic reports (reporting of anonymous demographic data).<\/p>\n<p>&nbsp;<\/p>\n<p>More information on privacy protection can be found here https:\/\/support.google.com\/analytics\/topic\/2919631?hl=sk&amp;ref_topic=1008008, to reject these cookies you can install a software add-on available here https:\/\/tools.google.com\/ dlpage\/gaoptout.<\/p>\n<\/div>\n<\/div><\/div><\/div><\/div><\/div><\/div>","protected":false},"excerpt":{"rendered":"<p>COOKIES &nbsp; IN ORDER TO ENSURE THE PROPER FUNCTIONING OF THIS WEBSITE, WE SOMETIMES STORE SMALL DATA FILES ON YOUR DEVICE, THE SO-CALLED COOKIES. THIS<a class=\"read_more_link\" href=\"https:\/\/www.kammoz.sk\/en\/cookies-2\/\" rel=\"nofollow\">Pre\u010d\u00edta\u0165 viac&#8230;<\/a><\/p>\n","protected":false},"author":1,"featured_media":0,"parent":0,"menu_order":0,"comment_status":"closed","ping_status":"closed","template":"page-custom.php","meta":{"footnotes":""},"yoast_head":"<!-- This site is optimized with the Yoast SEO plugin v20.9 - https:\/\/yoast.com\/wordpress\/plugins\/seo\/ -->\n<title>Cookies - KAMMOZ.SK<\/title>\n<meta name=\"description\" content=\"Kvalitn\u00e1 mozaika od \u0161panielskeho v\u00fdrobcu Ezarri. Predaj mozaiky a poradenstvo v oblasti v\u00fdstavby baz\u00e9nov, kuch\u00fd\u0148 alebo in\u00fdch projektov.\" \/>\n<meta name=\"robots\" content=\"index, follow, max-snippet:-1, max-image-preview:large, max-video-preview:-1\" \/>\n<link rel=\"canonical\" href=\"https:\/\/www.kammoz.sk\/en\/cookies-2\/\" \/>\n<meta property=\"og:locale\" content=\"en_US\" \/>\n<meta property=\"og:type\" content=\"article\" \/>\n<meta property=\"og:title\" content=\"Cookies - KAMMOZ.SK\" \/>\n<meta property=\"og:description\" content=\"Kvalitn\u00e1 mozaika od \u0161panielskeho v\u00fdrobcu Ezarri. Predaj mozaiky a poradenstvo v oblasti v\u00fdstavby baz\u00e9nov, kuch\u00fd\u0148 alebo in\u00fdch projektov.\" \/>\n<meta property=\"og:url\" content=\"https:\/\/www.kammoz.sk\/en\/cookies-2\/\" \/>\n<meta property=\"og:site_name\" content=\"KAMMOZ.SK\" \/>\n<meta property=\"article:publisher\" content=\"https:\/\/www.facebook.com\/KAMMOZSK\" \/>\n<meta property=\"article:modified_time\" content=\"2023-06-16T14:18:16+00:00\" \/>\n<meta property=\"og:image\" content=\"https:\/\/www.kammoz.sk\/wp-content\/uploads\/2023\/05\/cropped-C-na-vysku.png\" \/>\n\t<meta property=\"og:image:width\" content=\"999\" \/>\n\t<meta property=\"og:image:height\" content=\"419\" \/>\n\t<meta property=\"og:image:type\" content=\"image\/png\" \/>\n<meta name=\"twitter:card\" content=\"summary_large_image\" \/>\n<script type=\"application\/ld+json\" class=\"yoast-schema-graph\">{\"@context\":\"https:\/\/schema.org\",\"@graph\":[{\"@type\":\"WebPage\",\"@id\":\"https:\/\/www.kammoz.sk\/en\/cookies-2\/\",\"url\":\"https:\/\/www.kammoz.sk\/en\/cookies-2\/\",\"name\":\"Cookies - KAMMOZ.SK\",\"isPartOf\":{\"@id\":\"https:\/\/www.kammoz.sk\/en\/#website\"},\"datePublished\":\"2023-05-15T12:13:18+00:00\",\"dateModified\":\"2023-06-16T14:18:16+00:00\",\"description\":\"Kvalitn\u00e1 mozaika od \u0161panielskeho v\u00fdrobcu Ezarri. Predaj mozaiky a poradenstvo v oblasti v\u00fdstavby baz\u00e9nov, kuch\u00fd\u0148 alebo in\u00fdch projektov.\",\"breadcrumb\":{\"@id\":\"https:\/\/www.kammoz.sk\/en\/cookies-2\/#breadcrumb\"},\"inLanguage\":\"en-US\",\"potentialAction\":[{\"@type\":\"ReadAction\",\"target\":[\"https:\/\/www.kammoz.sk\/en\/cookies-2\/\"]}]},{\"@type\":\"BreadcrumbList\",\"@id\":\"https:\/\/www.kammoz.sk\/en\/cookies-2\/#breadcrumb\",\"itemListElement\":[{\"@type\":\"ListItem\",\"position\":1,\"name\":\"Domovsk\u00e1 str\u00e1nka\",\"item\":\"https:\/\/www.kammoz.sk\/en\/\"},{\"@type\":\"ListItem\",\"position\":2,\"name\":\"Cookies\"}]},{\"@type\":\"WebSite\",\"@id\":\"https:\/\/www.kammoz.sk\/en\/#website\",\"url\":\"https:\/\/www.kammoz.sk\/en\/\",\"name\":\"KAMMOZ.SK\",\"description\":\"Kvalitn\u00e1 mozaika od v\u00fdrobcu Ezarri\",\"publisher\":{\"@id\":\"https:\/\/www.kammoz.sk\/en\/#organization\"},\"potentialAction\":[{\"@type\":\"SearchAction\",\"target\":{\"@type\":\"EntryPoint\",\"urlTemplate\":\"https:\/\/www.kammoz.sk\/en\/?s={search_term_string}\"},\"query-input\":\"required name=search_term_string\"}],\"inLanguage\":\"en-US\"},{\"@type\":\"Organization\",\"@id\":\"https:\/\/www.kammoz.sk\/en\/#organization\",\"name\":\"Milan Chandoga - KAM-MOZ.SK\",\"url\":\"https:\/\/www.kammoz.sk\/en\/\",\"logo\":{\"@type\":\"ImageObject\",\"inLanguage\":\"en-US\",\"@id\":\"https:\/\/www.kammoz.sk\/en\/#\/schema\/logo\/image\/\",\"url\":\"https:\/\/www.kammoz.sk\/wp-content\/uploads\/2023\/05\/cropped-C-na-sirku.png\",\"contentUrl\":\"https:\/\/www.kammoz.sk\/wp-content\/uploads\/2023\/05\/cropped-C-na-sirku.png\",\"width\":1000,\"height\":251,\"caption\":\"Milan Chandoga - KAM-MOZ.SK\"},\"image\":{\"@id\":\"https:\/\/www.kammoz.sk\/en\/#\/schema\/logo\/image\/\"},\"sameAs\":[\"https:\/\/www.facebook.com\/KAMMOZSK\"]}]}<\/script>\n<!-- \/ Yoast SEO plugin. -->","yoast_head_json":{"title":"Cookies - KAMMOZ.SK","description":"Kvalitn\u00e1 mozaika od \u0161panielskeho v\u00fdrobcu Ezarri. Predaj mozaiky a poradenstvo v oblasti v\u00fdstavby baz\u00e9nov, kuch\u00fd\u0148 alebo in\u00fdch projektov.","robots":{"index":"index","follow":"follow","max-snippet":"max-snippet:-1","max-image-preview":"max-image-preview:large","max-video-preview":"max-video-preview:-1"},"canonical":"https:\/\/www.kammoz.sk\/en\/cookies-2\/","og_locale":"en_US","og_type":"article","og_title":"Cookies - KAMMOZ.SK","og_description":"Kvalitn\u00e1 mozaika od \u0161panielskeho v\u00fdrobcu Ezarri. Predaj mozaiky a poradenstvo v oblasti v\u00fdstavby baz\u00e9nov, kuch\u00fd\u0148 alebo in\u00fdch projektov.","og_url":"https:\/\/www.kammoz.sk\/en\/cookies-2\/","og_site_name":"KAMMOZ.SK","article_publisher":"https:\/\/www.facebook.com\/KAMMOZSK","article_modified_time":"2023-06-16T14:18:16+00:00","og_image":[{"width":999,"height":419,"url":"https:\/\/www.kammoz.sk\/wp-content\/uploads\/2023\/05\/cropped-C-na-vysku.png","type":"image\/png"}],"twitter_card":"summary_large_image","schema":{"@context":"https:\/\/schema.org","@graph":[{"@type":"WebPage","@id":"https:\/\/www.kammoz.sk\/en\/cookies-2\/","url":"https:\/\/www.kammoz.sk\/en\/cookies-2\/","name":"Cookies - KAMMOZ.SK","isPartOf":{"@id":"https:\/\/www.kammoz.sk\/en\/#website"},"datePublished":"2023-05-15T12:13:18+00:00","dateModified":"2023-06-16T14:18:16+00:00","description":"Kvalitn\u00e1 mozaika od \u0161panielskeho v\u00fdrobcu Ezarri. Predaj mozaiky a poradenstvo v oblasti v\u00fdstavby baz\u00e9nov, kuch\u00fd\u0148 alebo in\u00fdch projektov.","breadcrumb":{"@id":"https:\/\/www.kammoz.sk\/en\/cookies-2\/#breadcrumb"},"inLanguage":"en-US","potentialAction":[{"@type":"ReadAction","target":["https:\/\/www.kammoz.sk\/en\/cookies-2\/"]}]},{"@type":"BreadcrumbList","@id":"https:\/\/www.kammoz.sk\/en\/cookies-2\/#breadcrumb","itemListElement":[{"@type":"ListItem","position":1,"name":"Domovsk\u00e1 str\u00e1nka","item":"https:\/\/www.kammoz.sk\/en\/"},{"@type":"ListItem","position":2,"name":"Cookies"}]},{"@type":"WebSite","@id":"https:\/\/www.kammoz.sk\/en\/#website","url":"https:\/\/www.kammoz.sk\/en\/","name":"KAMMOZ.SK","description":"Kvalitn\u00e1 mozaika od v\u00fdrobcu Ezarri","publisher":{"@id":"https:\/\/www.kammoz.sk\/en\/#organization"},"potentialAction":[{"@type":"SearchAction","target":{"@type":"EntryPoint","urlTemplate":"https:\/\/www.kammoz.sk\/en\/?s={search_term_string}"},"query-input":"required name=search_term_string"}],"inLanguage":"en-US"},{"@type":"Organization","@id":"https:\/\/www.kammoz.sk\/en\/#organization","name":"Milan Chandoga - KAM-MOZ.SK","url":"https:\/\/www.kammoz.sk\/en\/","logo":{"@type":"ImageObject","inLanguage":"en-US","@id":"https:\/\/www.kammoz.sk\/en\/#\/schema\/logo\/image\/","url":"https:\/\/www.kammoz.sk\/wp-content\/uploads\/2023\/05\/cropped-C-na-sirku.png","contentUrl":"https:\/\/www.kammoz.sk\/wp-content\/uploads\/2023\/05\/cropped-C-na-sirku.png","width":1000,"height":251,"caption":"Milan Chandoga - KAM-MOZ.SK"},"image":{"@id":"https:\/\/www.kammoz.sk\/en\/#\/schema\/logo\/image\/"},"sameAs":["https:\/\/www.facebook.com\/KAMMOZSK"]}]}},"_links":{"self":[{"href":"https:\/\/www.kammoz.sk\/en\/wp-json\/wp\/v2\/pages\/5382"}],"collection":[{"href":"https:\/\/www.kammoz.sk\/en\/wp-json\/wp\/v2\/pages"}],"about":[{"href":"https:\/\/www.kammoz.sk\/en\/wp-json\/wp\/v2\/types\/page"}],"author":[{"embeddable":true,"href":"https:\/\/www.kammoz.sk\/en\/wp-json\/wp\/v2\/users\/1"}],"replies":[{"embeddable":true,"href":"https:\/\/www.kammoz.sk\/en\/wp-json\/wp\/v2\/comments?post=5382"}],"version-history":[{"count":2,"href":"https:\/\/www.kammoz.sk\/en\/wp-json\/wp\/v2\/pages\/5382\/revisions"}],"predecessor-version":[{"id":5384,"href":"https:\/\/www.kammoz.sk\/en\/wp-json\/wp\/v2\/pages\/5382\/revisions\/5384"}],"wp:attachment":[{"href":"https:\/\/www.kammoz.sk\/en\/wp-json\/wp\/v2\/media?parent=5382"}],"curies":[{"name":"wp","href":"https:\/\/api.w.org\/{rel}","templated":true}]}}